{"id":12,"date":"2024-08-29T12:27:38","date_gmt":"2024-08-29T16:27:38","guid":{"rendered":"https:\/\/guiamedicavirtual.com\/?page_id=12"},"modified":"2025-01-13T12:37:15","modified_gmt":"2025-01-13T16:37:15","slug":"sobre-nosotros-medica-virtual","status":"publish","type":"page","link":"https:\/\/guiamedicavirtual.com\/espanol\/sobre-nosotros-medica-virtual\/","title":{"rendered":"Sobre Nosotros"},"content":{"rendered":"\n<h2 class=\"wp-block-heading\">Bienvenido a <strong>Gu\u00eda M\u00e9dica Virtual<\/strong>, una plataforma dise\u00f1ada para brindarte las mejores orientaciones y sugerencias para cuidar de tu salud y bienestar. Aqu\u00ed encontrar\u00e1s informaci\u00f3n actualizada sobre temas de salud, nutrici\u00f3n, ejercicio y <em>prevenci\u00f3n de enfermedades<\/em>, todo al alcance de un clic.<\/h2>\n\n\n\n<figure class=\"wp-block-gallery has-nested-images columns-default is-cropped wp-block-gallery-1 is-layout-flex wp-block-gallery-is-layout-flex\">\n<figure class=\"wp-block-image size-large\"><img decoding=\"async\" data-id=\"14\" src=\"https:\/\/guiamedicavirtual.com\/wp-content\/uploads\/2024\/08\/pexels-padrinan-806427-1-1024x681.jpg\" alt=\"\" class=\"wp-image-14\"\/><\/figure>\n<\/figure>\n\n\n\n<p>Nuestro objetivo es proporcionarte las herramientas y conocimientos necesarios para que puedas tomar decisiones informadas y llevar un estilo de vida saludable. Desde gu\u00edas detalladas sobre alimentaci\u00f3n balanceada hasta recomendaciones de rutinas de ejercicio personalizadas, estamos aqu\u00ed para acompa\u00f1arte en cada paso de tu camino hacia el bienestar.<\/p>\n\n\n\n<p>Adem\u00e1s, en <strong>Gu\u00eda M\u00e9dica Virtual<\/strong> tambi\u00e9n te ofrecemos recursos \u00fatiles para controlar enfermedades cr\u00f3nicas, como la hipertensi\u00f3n y la diabetes, as\u00ed como consejos pr\u00e1cticos para mejorar tu salud mental y emocional. Nuestra plataforma est\u00e1 dise\u00f1ada para ser tu aliado en la prevenci\u00f3n de enfermedades, fomentando h\u00e1bitos saludables que te ayudar\u00e1n a vivir una vida plena y activa.<\/p>\n\n\n\n<div class=\"wp-block-columns is-layout-flex wp-container-core-columns-is-layout-28f84493 wp-block-columns-is-layout-flex\">\n<div class=\"wp-block-column is-layout-flow wp-block-column-is-layout-flow\" style=\"flex-basis:100%\">\n<div class=\"wp-block-buttons is-layout-flex wp-container-core-buttons-is-layout-a3a559bc wp-block-buttons-is-layout-flex\">\n<div class=\"wp-block-button is-style-outline is-style-outline--2\"><a class=\"wp-block-button__link wp-element-button\">S\u00edguenos en X<\/a><\/div>\n<\/div>\n<\/div>\n<\/div>\n\n\n        <div class=\"wp-block-getwid-contact-form\" >\n            <form class='wp-block-getwid-contact-form__form'>\n    \n        <p class='wp-block-getwid-field-name'>\n\t    <label\n        for='name-69f2e5ffc502a'\n        class='wp-block-getwid-field-name__label'\n    >Nombre<\/label>\n\t    <input id='name-69f2e5ffc502a' type='text' name='name'    \/>\n<\/p>\n\n\n        <p class='wp-block-getwid-field-email'>\n\t    <label\n\t\tfor='email-69f2e5ffc51c0'\n        class='wp-block-getwid-field-email__label'\n    >Direcci\u00f3n electr\u00f3nica<\/label>\n\t    <input id='email-69f2e5ffc51c0' type='email' name='email'     \/>\n<\/p>\n\n\n        <p class='wp-block-getwid-field-textarea'>\n\t    <label\n\t\tfor='message-69f2e5ffc533b'\n        class='wp-block-getwid-field-textarea__label'\n    >Mensaje<\/label>\n\t    <textarea\n\t\tid='message-69f2e5ffc533b' rows='5' name='message'            required=''\n            ><\/textarea>\n<\/p>\n\n\n    <input name='subject' \t\ttype='hidden'\n\t\/>\n\n\t<p class='wp-block-getwid-contact-form__result'><\/p>\n\n\t<div class='wp-block-getwid-contact-form__submit'>\n\t\t<div class='wp-block-button'>\n\t\t\t<button\n\t\t\t\ttype='submit'\n\t\t\t\tclass='wp-block-button__link '\t\t\t\t\tstyle=''\t\t\t>Env\u00edalo<\/button>\n\t\t<\/div>\n\n\t<\/div>\n<\/form>\n        <\/div>\n\n\n<p><\/p>\n","protected":false},"excerpt":{"rendered":"<p>Bienvenido a Gu\u00eda M\u00e9dica Virtual, una plataforma dise\u00f1ada para brindarte las mejores orientaciones y sugerencias para cuidar de tu salud y bienestar. Aqu\u00ed encontrar\u00e1s informaci\u00f3n actualizada sobre temas de salud, nutrici\u00f3n, ejercicio y prevenci\u00f3n de enfermedades, todo al alcance de un clic. Nuestro objetivo es proporcionarte las herramientas y conocimientos necesarios para que puedas tomar [&hellip;]<\/p>\n","protected":false},"author":1,"featured_media":0,"parent":0,"menu_order":0,"comment_status":"closed","ping_status":"closed","template":"","meta":{"footnotes":""},"class_list":["post-12","page","type-page","status-publish","hentry"],"blocksy_meta":{"page_structure_type":"type-3","has_hero_section":"enabled","hero_section":"type-1","hero_elements":[{"id":"custom_title","enabled":true,"heading_tag":"h1","title":"Home","__id":"ekiNyixTK6fyY30bLDVgA"},{"id":"custom_description","enabled":true,"description_visibility":{"desktop":true,"tablet":true,"mobile":false},"__id":"0l8_OysT2VuKvPoEeKfBb","hero_item_spacing":{"desktop":"22","tablet":"22","mobile":"22"}},{"id":"custom_meta","enabled":false,"meta_elements":[{"id":"author","enabled":true,"label":"By","has_author_avatar":"yes","avatar_size":25},{"id":"post_date","enabled":true,"label":"On","date_format_source":"default","date_format":"M j, Y"},{"id":"updated_date","enabled":false,"label":"On","date_format_source":"default","date_format":"M j, Y"},{"id":"categories","enabled":false,"label":"In","style":"simple"},{"id":"comments","enabled":true}],"page_meta_elements":{"joined":true,"articles_count":true,"comments":true},"__id":"nYiEjKp1qnsEM76mULcAG"},{"id":"breadcrumbs","enabled":false,"__id":"B1az7Mc0JMi22Hb21tbSd"}],"styles_descriptor":{"styles":{"desktop":"[data-prefix=\"single_page\"] .entry-header .page-title {--theme-font-size:30px;} [data-prefix=\"single_page\"] .entry-header .entry-meta {--theme-font-weight:600;--theme-text-transform:uppercase;--theme-font-size:12px;--theme-line-height:1.3;} [data-prefix=\"single_page\"] .hero-section .page-description {--itemSpacing:22px;}","tablet":"","mobile":""},"google_fonts":[],"version":6}},"_links":{"self":[{"href":"https:\/\/guiamedicavirtual.com\/espanol\/wp-json\/wp\/v2\/pages\/12","targetHints":{"allow":["GET"]}}],"collection":[{"href":"https:\/\/guiamedicavirtual.com\/espanol\/wp-json\/wp\/v2\/pages"}],"about":[{"href":"https:\/\/guiamedicavirtual.com\/espanol\/wp-json\/wp\/v2\/types\/page"}],"author":[{"embeddable":true,"href":"https:\/\/guiamedicavirtual.com\/espanol\/wp-json\/wp\/v2\/users\/1"}],"replies":[{"embeddable":true,"href":"https:\/\/guiamedicavirtual.com\/espanol\/wp-json\/wp\/v2\/comments?post=12"}],"version-history":[{"count":8,"href":"https:\/\/guiamedicavirtual.com\/espanol\/wp-json\/wp\/v2\/pages\/12\/revisions"}],"predecessor-version":[{"id":563,"href":"https:\/\/guiamedicavirtual.com\/espanol\/wp-json\/wp\/v2\/pages\/12\/revisions\/563"}],"wp:attachment":[{"href":"https:\/\/guiamedicavirtual.com\/espanol\/wp-json\/wp\/v2\/media?parent=12"}],"curies":[{"name":"wp","href":"https:\/\/api.w.org\/{rel}","templated":true}]}}